{"id":130,"date":"2016-09-02T16:25:03","date_gmt":"2016-09-02T16:25:03","guid":{"rendered":"http:\/\/localhost\/artesana\/?page_id=130"},"modified":"2023-02-08T14:54:29","modified_gmt":"2023-02-08T17:54:29","slug":"vinedo","status":"publish","type":"page","link":"https:\/\/artesanawinery.com\/uy\/es\/vinedo\/","title":{"rendered":"Vi\u00f1edo"},"content":{"rendered":"<p>[et_pb_section fb_built=&#8221;1&#8243; admin_label=&#8221;section&#8221; _builder_version=&#8221;4.16&#8243; background_color=&#8221;#000000&#8243; custom_padding=&#8221;0px|0px|0|0px|false|false&#8221; custom_padding_tablet=&#8221;0px|0px|0px|0px&#8221; transparent_background=&#8221;off&#8221; global_colors_info=&#8221;{}&#8221;][et_pb_row use_custom_gutter=&#8221;on&#8221; gutter_width=&#8221;1&#8243; make_equal=&#8221;on&#8221; column_padding_mobile=&#8221;on&#8221; disabled_on=&#8221;on|on|off&#8221; admin_label=&#8221;row&#8221; module_class=&#8221; et_pb_row_fullwidth&#8221; _builder_version=&#8221;4.16&#8243; background_size=&#8221;initial&#8221; background_position=&#8221;top_left&#8221; background_repeat=&#8221;repeat&#8221; width=&#8221;100%&#8221; width_tablet=&#8221;100%&#8221; width_phone=&#8221;&#8221; width_last_edited=&#8221;on|desktop&#8221; max_width=&#8221;100%&#8221; max_width_tablet=&#8221;100%&#8221; max_width_phone=&#8221;&#8221; max_width_last_edited=&#8221;on|desktop&#8221; custom_margin=&#8221;0px|0px|0px|0px&#8221; custom_padding=&#8221;0px|0px|0px|0px&#8221; make_fullwidth=&#8221;on&#8221; global_colors_info=&#8221;{}&#8221;][et_pb_column type=&#8221;4_4&#8243; _builder_version=&#8221;4.16&#8243; background_color=&#8221;#ffffff&#8221; custom_padding=&#8221;|||&#8221; global_colors_info=&#8221;{}&#8221; custom_padding__hover=&#8221;|||&#8221;][et_pb_text admin_label=&#8221;Texto&#8221; _builder_version=&#8221;4.16&#8243; text_font=&#8221;Covered By Your Grace||||&#8221; text_text_color=&#8221;#000000&#8243; text_font_size=&#8221;32&#8243; background_image=&#8221;https:\/\/artesanawinery.com\/uy\/wp-content\/uploads\/2018\/10\/Harvest-Image.jpg&#8221; parallax=&#8221;on&#8221; text_orientation=&#8221;center&#8221; module_alignment=&#8221;center&#8221; custom_margin=&#8221;0px|||&#8221; custom_padding=&#8221;60px||400px|&#8221; custom_padding_tablet=&#8221;60px|10px||10px&#8221; custom_padding_phone=&#8221;40px||380px|&#8221; custom_padding_last_edited=&#8221;on|phone&#8221; text_font_size_tablet=&#8221;&#8221; text_font_size_phone=&#8221;&#8221; text_font_size_last_edited=&#8221;on|phone&#8221; border_style=&#8221;solid&#8221; global_colors_info=&#8221;{}&#8221;][\/et_pb_text][\/et_pb_column][\/et_pb_row][et_pb_row column_structure=&#8221;1_3,2_3&#8243; use_custom_gutter=&#8221;on&#8221; gutter_width=&#8221;1&#8243; make_equal=&#8221;on&#8221; column_padding_mobile=&#8221;on&#8221; disabled_on=&#8221;off|off|off&#8221; admin_label=&#8221;row&#8221; module_class=&#8221; et_pb_row_fullwidth&#8221; _builder_version=&#8221;4.16&#8243; background_size=&#8221;initial&#8221; background_position=&#8221;top_left&#8221; background_repeat=&#8221;repeat&#8221; width=&#8221;100%&#8221; width_tablet=&#8221;100%&#8221; width_phone=&#8221;&#8221; width_last_edited=&#8221;on|desktop&#8221; max_width=&#8221;100%&#8221; max_width_tablet=&#8221;100%&#8221; max_width_phone=&#8221;&#8221; max_width_last_edited=&#8221;on|desktop&#8221; custom_margin=&#8221;0px|0px|0px|0px&#8221; custom_padding=&#8221;0px|0px|0px|0px&#8221; make_fullwidth=&#8221;on&#8221; global_colors_info=&#8221;{}&#8221;][et_pb_column type=&#8221;1_3&#8243; _builder_version=&#8221;4.16&#8243; background_color=&#8221;#d6ad3c&#8221; custom_padding=&#8221;|||&#8221; global_colors_info=&#8221;{}&#8221; custom_padding__hover=&#8221;|||&#8221;][et_pb_blurb title=&#8221;El Vi\u00f1edo&#8221; content_max_width=&#8221;548px&#8221; _builder_version=&#8221;4.16&#8243; header_font=&#8221;Covered By Your Grace||||||||&#8221; header_text_align=&#8221;center&#8221; header_text_color=&#8221;#ffffff&#8221; header_font_size=&#8221;40px&#8221; body_font=&#8221;||||||||&#8221; body_text_color=&#8221;#ffffff&#8221; body_font_size=&#8221;15px&#8221; text_orientation=&#8221;center&#8221; custom_padding=&#8221;50px|20px|50px|20px|false|false&#8221; header_font_size_tablet=&#8221;35px&#8221; header_font_size_phone=&#8221;30px&#8221; header_font_size_last_edited=&#8221;on|phone&#8221; body_font_size_tablet=&#8221;&#8221; body_font_size_phone=&#8221;14px&#8221; body_font_size_last_edited=&#8221;on|phone&#8221; global_colors_info=&#8221;{}&#8221;]<\/p>\n<p>Se realiza un trabajo meticulosos sobre el vi\u00f1edo para obtener uva de la m\u00e1s alta calidad. El vi\u00f1edo se encuentra dividido en trece parcelas de \u00bd hect\u00e1rea en promedio cada una. El objetivo de los trabajos en el vi\u00f1edo es la baja producci\u00f3n de uva logrando as\u00ed la calidad buscada, sin riego y con un manejo integrado de cultivo buscamos alcanzar nuestros objetivos de producci\u00f3n respetando la vida \u00fatil del suelo y su cultivo. Raleo de racimos y deshojes son realizados para asegurar una \u00f3ptima madurez.<\/p>\n<p>[\/et_pb_blurb][\/et_pb_column][et_pb_column type=&#8221;2_3&#8243; _builder_version=&#8221;4.16&#8243; background_image=&#8221;https:\/\/artesanawinery.com\/uy\/wp-content\/uploads\/2018\/01\/Sprawling-Vineyards-Viticulture-1024&#215;481.png&#8221; custom_padding=&#8221;|||&#8221; global_colors_info=&#8221;{}&#8221; custom_padding__hover=&#8221;|||&#8221;][et_pb_text disabled_on=&#8221;on|on|off&#8221; _builder_version=&#8221;4.19.5&#8243; text_font=&#8221;||||||||&#8221; text_font_size=&#8221;23px&#8221; header_font=&#8221;||||||||&#8221; header_text_align=&#8221;center&#8221; header_font_size=&#8221;40px&#8221; header_4_font=&#8221;Covered By Your Grace||||||||&#8221; header_4_text_align=&#8221;center&#8221; header_4_font_size=&#8221;33px&#8221; max_width=&#8221;100%&#8221; module_alignment=&#8221;center&#8221; custom_padding=&#8221;60px||&#8221; hover_enabled=&#8221;0&#8243; header_4_font_size_tablet=&#8221;30px&#8221; header_4_font_size_phone=&#8221;25px&#8221; header_4_font_size_last_edited=&#8221;on|phone&#8221; global_colors_info=&#8221;{}&#8221; sticky_enabled=&#8221;0&#8243;]<\/p>\n<h4>50% Tannat 20% Merlot 12.5% Cabernet Franc 12.5% Zinfandel 4% Chardonnay 1% Petit Manseng<\/h4>\n<p>[\/et_pb_text][\/et_pb_column][\/et_pb_row][et_pb_row use_custom_gutter=&#8221;on&#8221; gutter_width=&#8221;1&#8243; make_equal=&#8221;on&#8221; column_padding_mobile=&#8221;on&#8221; disabled_on=&#8221;off|off|on&#8221; admin_label=&#8221;row&#8221; module_class=&#8221; et_pb_row_fullwidth&#8221; _builder_version=&#8221;4.16&#8243; background_image=&#8221;https:\/\/artesanawinery.com\/uy\/wp-content\/uploads\/2018\/01\/Sprawling-Vineyards-Viticulture-1024&#215;481-2.png&#8221; background_size=&#8221;initial&#8221; background_position=&#8221;top_left&#8221; background_repeat=&#8221;repeat&#8221; width=&#8221;100%&#8221; width_tablet=&#8221;100%&#8221; width_phone=&#8221;&#8221; width_last_edited=&#8221;on|desktop&#8221; max_width=&#8221;100%&#8221; max_width_tablet=&#8221;100%&#8221; max_width_phone=&#8221;&#8221; max_width_last_edited=&#8221;on|desktop&#8221; custom_margin=&#8221;0px|0px|0px|0px&#8221; custom_padding=&#8221;0px|0px|0px|0px&#8221; make_fullwidth=&#8221;on&#8221; global_colors_info=&#8221;{}&#8221;][et_pb_column type=&#8221;4_4&#8243; _builder_version=&#8221;4.16&#8243; background_color=&#8221;#d6ad3c&#8221; background_image=&#8221;https:\/\/artesanawinery.com\/uy\/wp-content\/uploads\/2018\/01\/Sprawling-Vineyards-Viticulture-1024&#215;481-3.png&#8221; custom_padding=&#8221;|||&#8221; global_colors_info=&#8221;{}&#8221; custom_padding__hover=&#8221;|||&#8221;][et_pb_text _builder_version=&#8221;4.16&#8243; text_font=&#8221;||||||||&#8221; text_font_size=&#8221;19px&#8221; header_font=&#8221;||||||||&#8221; header_4_font=&#8221;Covered By Your Grace||||||||&#8221; header_4_text_align=&#8221;center&#8221; header_4_text_color=&#8221;#000000&#8243; header_4_font_size=&#8221;40px&#8221; max_width_tablet=&#8221;&#8221; max_width_phone=&#8221;77%&#8221; max_width_last_edited=&#8221;on|phone&#8221; module_alignment=&#8221;center&#8221; custom_margin=&#8221;20px||&#8221; custom_padding=&#8221;60px||&#8221; text_font_size_tablet=&#8221;&#8221; text_font_size_phone=&#8221;&#8221; text_font_size_last_edited=&#8221;on|desktop&#8221; header_font_size_tablet=&#8221;&#8221; header_font_size_phone=&#8221;&#8221; header_font_size_last_edited=&#8221;on|tablet&#8221; header_4_font_size_tablet=&#8221;30px&#8221; header_4_font_size_phone=&#8221;24px&#8221; header_4_font_size_last_edited=&#8221;on|phone&#8221; global_colors_info=&#8221;{}&#8221;]<\/p>\n<h4>50% Tannat 25% Merlot <br \/>12.5% Cabernet-Franc 12.5% Zinfandel<\/h4>\n<p>&nbsp;<\/p>\n<p>&nbsp;<\/p>\n<p>&nbsp;<\/p>\n<p><span style=\"font-size: 14px;\">\u00a0<\/span><\/p>\n<p>&nbsp;<\/p>\n<p>&nbsp;<\/p>\n<p>&nbsp;<\/p>\n<p>&nbsp;<\/p>\n<p>[\/et_pb_text][\/et_pb_column][\/et_pb_row][\/et_pb_section][et_pb_section fb_built=&#8221;1&#8243; disabled_on=&#8221;off|off|on&#8221; admin_label=&#8221;Secci\u00f3n&#8221; _builder_version=&#8221;4.16&#8243; background_color=&#8221;#d6ad3c&#8221; custom_padding=&#8221;0|0px|0|0px|false|false&#8221; transparent_background=&#8221;off&#8221; global_colors_info=&#8221;{}&#8221;][et_pb_row column_padding_mobile=&#8221;on&#8221; custom_padding_last_edited=&#8221;on|phone&#8221; admin_label=&#8221;Fila&#8221; _builder_version=&#8221;4.16&#8243; background_size=&#8221;initial&#8221; background_position=&#8221;top_left&#8221; background_repeat=&#8221;repeat&#8221; custom_padding=&#8221;0px|0px|0px|0px&#8221; custom_padding_tablet=&#8221;&#8221; custom_padding_phone=&#8221;&#8221; global_colors_info=&#8221;{}&#8221;][et_pb_column type=&#8221;4_4&#8243; _builder_version=&#8221;4.16&#8243; custom_padding=&#8221;|||&#8221; global_colors_info=&#8221;{}&#8221; custom_padding__hover=&#8221;|||&#8221;][et_pb_blurb title=&#8221;Tannat es la variedad emblem\u00e1tica del Uruguay&#8221; content_max_width=&#8221;1100px&#8221; content_max_width_tablet=&#8221;&#8221; content_max_width_phone=&#8221;&#8221; content_max_width_last_edited=&#8221;on|phone&#8221; _builder_version=&#8221;4.16&#8243; header_font=&#8221;Covered By Your Grace||||||||&#8221; header_text_color=&#8221;#ffffff&#8221; header_font_size=&#8221;40px&#8221; body_font=&#8221;||||||||&#8221; body_text_align=&#8221;center&#8221; body_text_color=&#8221;#ffffff&#8221; body_font_size=&#8221;15px&#8221; text_orientation=&#8221;center&#8221; custom_margin_tablet=&#8221;&#8221; custom_margin_phone=&#8221;&#8221; custom_margin_last_edited=&#8221;on|desktop&#8221; custom_padding=&#8221;50px||50px&#8221; custom_padding_tablet=&#8221;&#8221; custom_padding_phone=&#8221;50px||50px&#8221; custom_padding_last_edited=&#8221;on|phone&#8221; header_font_size_tablet=&#8221;35px&#8221; header_font_size_phone=&#8221;30px&#8221; header_font_size_last_edited=&#8221;on|phone&#8221; body_font_size_tablet=&#8221;&#8221; body_font_size_phone=&#8221;14px&#8221; body_font_size_last_edited=&#8221;on|tablet&#8221; global_colors_info=&#8221;{}&#8221;]<\/p>\n<p>Tannat produce vinos ricos y generosos con aromas a frutas negras y especias. Originaria de la regi\u00f3n de Madiran al sudoeste de Francia La cepa Tannat fue tra\u00edda al Uruguay en la d\u00e9cada de 1870 por un inmigrante vasco-franc\u00e9s. Esta variedad crece especialmente bien en la regi\u00f3n de Canelones donde se logran vinos m\u00e1s suaves y aterciopelados que en Francia. Llamada as\u00ed por su alto contenido en taninos, el vino Tannat ha demostrado ser el m\u00e1s sano de los vinos tintos con 3 a 4 veces m\u00e1s antioxidantes de los dem\u00e1s teniendo\u00a0una concentraci\u00f3n de resveratrol promedio de 4.2%.<\/p>\n<p>[\/et_pb_blurb][\/et_pb_column][\/et_pb_row][\/et_pb_section][et_pb_section fb_built=&#8221;1&#8243; custom_padding_last_edited=&#8221;on|desktop&#8221; disabled_on=&#8221;on|on|on&#8221; admin_label=&#8221;Secci\u00f3n&#8221; _builder_version=&#8221;4.16&#8243; background_color=&#8221;#ffffff&#8221; background_image=&#8221;https:\/\/artesanawinery.com\/uy\/wp-content\/uploads\/2018\/01\/Working-the-Vineyard-Viticulture-1024&#215;529-1.png&#8221; parallax=&#8221;on&#8221; parallax_method=&#8221;off&#8221; custom_padding=&#8221;0px|0px|54px|0px&#8221; custom_padding_tablet=&#8221;50px|0|50px|0&#8243; custom_padding_phone=&#8221;&#8221; custom_css_main_element=&#8221;min-height:700px;&#8221; transparent_background=&#8221;off&#8221; global_colors_info=&#8221;{}&#8221;][\/et_pb_section][et_pb_section fb_built=&#8221;1&#8243; _builder_version=&#8221;4.16&#8243; custom_padding=&#8221;0|0px|0|0px|false|false&#8221; global_colors_info=&#8221;{}&#8221;][et_pb_row column_structure=&#8221;1_2,1_2&#8243; use_custom_gutter=&#8221;on&#8221; gutter_width=&#8221;1&#8243; make_equal=&#8221;on&#8221; custom_padding_last_edited=&#8221;on|&#8221; admin_label=&#8221;Fila&#8221; module_class=&#8221; et_pb_row_fullwidth&#8221; _builder_version=&#8221;4.16&#8243; background_size=&#8221;initial&#8221; background_position=&#8221;top_left&#8221; background_repeat=&#8221;repeat&#8221; width=&#8221;100%&#8221; width_tablet=&#8221;100%&#8221; width_phone=&#8221;&#8221; width_last_edited=&#8221;on|desktop&#8221; max_width=&#8221;100%&#8221; max_width_tablet=&#8221;100%&#8221; max_width_phone=&#8221;&#8221; max_width_last_edited=&#8221;on|desktop&#8221; custom_padding=&#8221;0px|0px|0px|0px&#8221; custom_padding_tablet=&#8221;&#8221; custom_padding_phone=&#8221;&#8221; make_fullwidth=&#8221;on&#8221; global_colors_info=&#8221;{}&#8221;][et_pb_column type=&#8221;1_2&#8243; _builder_version=&#8221;4.16&#8243; background_color=&#8221;#000000&#8243; background_image=&#8221;https:\/\/artesanawinery.com\/uy\/wp-content\/uploads\/2018\/10\/Artesana-Vineyard-Sign-900&#215;600.png&#8221; custom_padding=&#8221;|||&#8221; global_colors_info=&#8221;{}&#8221; custom_padding__hover=&#8221;|||&#8221;][et_pb_image src=&#8221;https:\/\/artesanawinery.com\/uy\/wp-content\/uploads\/2018\/10\/Artesana-Vineyard-Sign-900&#215;600.png&#8221; align_tablet=&#8221;center&#8221; align_phone=&#8221;&#8221; align_last_edited=&#8221;on|desktop&#8221; _builder_version=&#8221;4.16&#8243; global_colors_info=&#8221;{}&#8221;][\/et_pb_image][\/et_pb_column][et_pb_column type=&#8221;1_2&#8243; _builder_version=&#8221;4.16&#8243; background_color=&#8221;#000000&#8243; background_image=&#8221;https:\/\/artesanawinery.com\/uy\/wp-content\/uploads\/2018\/10\/Vineyard-Grapes-Images-800&#215;600.png&#8221; custom_padding=&#8221;|||&#8221; global_colors_info=&#8221;{}&#8221; custom_padding__hover=&#8221;|||&#8221;][et_pb_image src=&#8221;https:\/\/artesanawinery.com\/uy\/wp-content\/uploads\/2018\/10\/Vineyard-Grapes-Images-e1539198621887.jpg&#8221; disabled_on=&#8221;on|on|on&#8221; _builder_version=&#8221;4.16&#8243; max_width=&#8221;99%&#8221; module_alignment=&#8221;left&#8221; always_center_on_mobile=&#8221;off&#8221; global_colors_info=&#8221;{}&#8221;][\/et_pb_image][\/et_pb_column][\/et_pb_row][\/et_pb_section][et_pb_section fb_built=&#8221;1&#8243; disabled_on=&#8221;on|on|on&#8221; admin_label=&#8221;Secci\u00f3n&#8221; _builder_version=&#8221;4.19.5&#8243; background_color=&#8221;#d6ad3c&#8221; custom_padding=&#8221;0|0px|0|0px|false|false&#8221; transparent_background=&#8221;off&#8221; disabled=&#8221;on&#8221; global_colors_info=&#8221;{}&#8221;][et_pb_row admin_label=&#8221;Fila&#8221; _builder_version=&#8221;4.16&#8243; background_size=&#8221;initial&#8221; background_position=&#8221;top_left&#8221; background_repeat=&#8221;repeat&#8221; custom_padding=&#8221;0|0px|0|0px|false|false&#8221; global_colors_info=&#8221;{}&#8221;][et_pb_column type=&#8221;4_4&#8243; _builder_version=&#8221;4.16&#8243; custom_padding=&#8221;50px||50px|&#8221; global_colors_info=&#8221;{}&#8221; custom_padding__hover=&#8221;|||&#8221;][et_pb_blurb title=&#8221;Tannat es la variedad emblem\u00e1tica del Uruguay&#8221; content_max_width=&#8221;1100px&#8221; _builder_version=&#8221;4.16&#8243; header_font=&#8221;Covered By Your Grace||||||||&#8221; header_text_color=&#8221;#ffffff&#8221; header_font_size=&#8221;40px&#8221; body_font=&#8221;||||||||&#8221; body_text_align=&#8221;center&#8221; body_text_color=&#8221;#ffffff&#8221; body_font_size=&#8221;15px&#8221; text_orientation=&#8221;center&#8221; custom_padding=&#8221;50px||50px&#8221; custom_padding_tablet=&#8221;&#8221; custom_padding_phone=&#8221;&#8221; custom_padding_last_edited=&#8221;on|phone&#8221; header_font_size_tablet=&#8221;35px&#8221; header_font_size_phone=&#8221;30px&#8221; header_font_size_last_edited=&#8221;on|phone&#8221; body_font_size_tablet=&#8221;&#8221; body_font_size_phone=&#8221;14px&#8221; body_font_size_last_edited=&#8221;on|phone&#8221; global_colors_info=&#8221;{}&#8221;]<\/p>\n<p>Tannat produce vinos ricos y generosos con aromas a frutas negras y especias. Originaria de la regi\u00f3n de Madiran al sudoeste de Francia La cepa Tannat fue tra\u00edda al Uruguay en la d\u00e9cada de 1870 por un inmigrante vasco-franc\u00e9s. Esta variedad crece especialmente bien en la regi\u00f3n de Canelones donde se logran vinos m\u00e1s suaves y aterciopelados que en Francia. Llamada as\u00ed por su alto contenido en taninos, el vino Tannat ha demostrado ser el m\u00e1s sano de los vinos tintos con 3 a 4 veces m\u00e1s antioxidantes de los dem\u00e1s teniendo\u00a0una concentraci\u00f3n de resveratrol promedio de 4.2%.<\/p>\n<p>[\/et_pb_blurb][\/et_pb_column][\/et_pb_row][\/et_pb_section]<\/p>\n","protected":false},"excerpt":{"rendered":"<p>Se realiza un trabajo meticulosos sobre el vi\u00f1edo para obtener uva de la m\u00e1s alta calidad. El vi\u00f1edo se encuentra dividido en trece parcelas de \u00bd hect\u00e1rea en promedio cada una. El objetivo de los trabajos en el vi\u00f1edo es la baja producci\u00f3n de uva logrando as\u00ed la calidad buscada, sin riego y con un [&hellip;]<\/p>\n","protected":false},"author":2,"featured_media":0,"parent":0,"menu_order":0,"comment_status":"closed","ping_status":"closed","template":"","meta":{"_et_pb_use_builder":"on","_et_pb_old_content":"","_et_gb_content_width":"","footnotes":""},"class_list":["post-130","page","type-page","status-publish","hentry"],"yoast_head":"<!-- This site is optimized with the Yoast SEO plugin v24.5 - https:\/\/yoast.com\/wordpress\/plugins\/seo\/ -->\n<title>Vi\u00f1edo - Bodega Artesana<\/title>\n<meta name=\"description\" content=\"De nuestras 8,5 hect\u00e1reas de vi\u00f1edo cosechamos uvas de la m\u00e1s alta calidad para que nuestros vinos expresen de forma \u00fanica su terroir.\" \/>\n<meta name=\"robots\" content=\"index, follow, max-snippet:-1, max-image-preview:large, max-video-preview:-1\" \/>\n<link rel=\"canonical\" href=\"https:\/\/artesanawinery.com\/uy\/es\/vinedo\/\" \/>\n<meta property=\"og:locale\" content=\"en_US\" \/>\n<meta property=\"og:type\" content=\"article\" \/>\n<meta property=\"og:title\" content=\"Vi\u00f1edo - Bodega Artesana\" \/>\n<meta property=\"og:description\" content=\"De nuestras 8,5 hect\u00e1reas de vi\u00f1edo cosechamos uvas de la m\u00e1s alta calidad para que nuestros vinos expresen de forma \u00fanica su terroir.\" \/>\n<meta property=\"og:url\" content=\"https:\/\/artesanawinery.com\/uy\/es\/vinedo\/\" \/>\n<meta property=\"og:site_name\" content=\"Bodega Artesana\" \/>\n<meta property=\"article:publisher\" content=\"https:\/\/www.facebook.com\/artesanawinery\/\" \/>\n<meta property=\"article:modified_time\" content=\"2023-02-08T17:54:29+00:00\" \/>\n<meta name=\"twitter:card\" content=\"summary_large_image\" \/>\n<meta name=\"twitter:site\" content=\"@artesanawinery\" \/>\n<meta name=\"twitter:label1\" content=\"Est. reading time\" \/>\n\t<meta name=\"twitter:data1\" content=\"9 minutes\" \/>\n<script type=\"application\/ld+json\" class=\"yoast-schema-graph\">{\"@context\":\"https:\/\/schema.org\",\"@graph\":[{\"@type\":\"WebPage\",\"@id\":\"https:\/\/artesanawinery.com\/uy\/es\/vinedo\/\",\"url\":\"https:\/\/artesanawinery.com\/uy\/es\/vinedo\/\",\"name\":\"Vi\u00f1edo - Bodega Artesana\",\"isPartOf\":{\"@id\":\"https:\/\/artesanawinery.com\/uy\/#website\"},\"datePublished\":\"2016-09-02T16:25:03+00:00\",\"dateModified\":\"2023-02-08T17:54:29+00:00\",\"description\":\"De nuestras 8,5 hect\u00e1reas de vi\u00f1edo cosechamos uvas de la m\u00e1s alta calidad para que nuestros vinos expresen de forma \u00fanica su terroir.\",\"breadcrumb\":{\"@id\":\"https:\/\/artesanawinery.com\/uy\/es\/vinedo\/#breadcrumb\"},\"inLanguage\":\"en-US\",\"potentialAction\":[{\"@type\":\"ReadAction\",\"target\":[\"https:\/\/artesanawinery.com\/uy\/es\/vinedo\/\"]}]},{\"@type\":\"BreadcrumbList\",\"@id\":\"https:\/\/artesanawinery.com\/uy\/es\/vinedo\/#breadcrumb\",\"itemListElement\":[{\"@type\":\"ListItem\",\"position\":1,\"name\":\"Home\",\"item\":\"https:\/\/artesanawinery.com\/uy\/en\/home\/\"},{\"@type\":\"ListItem\",\"position\":2,\"name\":\"Vi\u00f1edo\"}]},{\"@type\":\"WebSite\",\"@id\":\"https:\/\/artesanawinery.com\/uy\/#website\",\"url\":\"https:\/\/artesanawinery.com\/uy\/\",\"name\":\"Bodega Artesana\",\"description\":\"\",\"potentialAction\":[{\"@type\":\"SearchAction\",\"target\":{\"@type\":\"EntryPoint\",\"urlTemplate\":\"https:\/\/artesanawinery.com\/uy\/?s={search_term_string}\"},\"query-input\":{\"@type\":\"PropertyValueSpecification\",\"valueRequired\":true,\"valueName\":\"search_term_string\"}}],\"inLanguage\":\"en-US\"}]}<\/script>\n<!-- \/ Yoast SEO plugin. -->","yoast_head_json":{"title":"Vi\u00f1edo - Bodega Artesana","description":"De nuestras 8,5 hect\u00e1reas de vi\u00f1edo cosechamos uvas de la m\u00e1s alta calidad para que nuestros vinos expresen de forma \u00fanica su terroir.","robots":{"index":"index","follow":"follow","max-snippet":"max-snippet:-1","max-image-preview":"max-image-preview:large","max-video-preview":"max-video-preview:-1"},"canonical":"https:\/\/artesanawinery.com\/uy\/es\/vinedo\/","og_locale":"en_US","og_type":"article","og_title":"Vi\u00f1edo - Bodega Artesana","og_description":"De nuestras 8,5 hect\u00e1reas de vi\u00f1edo cosechamos uvas de la m\u00e1s alta calidad para que nuestros vinos expresen de forma \u00fanica su terroir.","og_url":"https:\/\/artesanawinery.com\/uy\/es\/vinedo\/","og_site_name":"Bodega Artesana","article_publisher":"https:\/\/www.facebook.com\/artesanawinery\/","article_modified_time":"2023-02-08T17:54:29+00:00","twitter_card":"summary_large_image","twitter_site":"@artesanawinery","twitter_misc":{"Est. reading time":"9 minutes"},"schema":{"@context":"https:\/\/schema.org","@graph":[{"@type":"WebPage","@id":"https:\/\/artesanawinery.com\/uy\/es\/vinedo\/","url":"https:\/\/artesanawinery.com\/uy\/es\/vinedo\/","name":"Vi\u00f1edo - Bodega Artesana","isPartOf":{"@id":"https:\/\/artesanawinery.com\/uy\/#website"},"datePublished":"2016-09-02T16:25:03+00:00","dateModified":"2023-02-08T17:54:29+00:00","description":"De nuestras 8,5 hect\u00e1reas de vi\u00f1edo cosechamos uvas de la m\u00e1s alta calidad para que nuestros vinos expresen de forma \u00fanica su terroir.","breadcrumb":{"@id":"https:\/\/artesanawinery.com\/uy\/es\/vinedo\/#breadcrumb"},"inLanguage":"en-US","potentialAction":[{"@type":"ReadAction","target":["https:\/\/artesanawinery.com\/uy\/es\/vinedo\/"]}]},{"@type":"BreadcrumbList","@id":"https:\/\/artesanawinery.com\/uy\/es\/vinedo\/#breadcrumb","itemListElement":[{"@type":"ListItem","position":1,"name":"Home","item":"https:\/\/artesanawinery.com\/uy\/en\/home\/"},{"@type":"ListItem","position":2,"name":"Vi\u00f1edo"}]},{"@type":"WebSite","@id":"https:\/\/artesanawinery.com\/uy\/#website","url":"https:\/\/artesanawinery.com\/uy\/","name":"Bodega Artesana","description":"","potentialAction":[{"@type":"SearchAction","target":{"@type":"EntryPoint","urlTemplate":"https:\/\/artesanawinery.com\/uy\/?s={search_term_string}"},"query-input":{"@type":"PropertyValueSpecification","valueRequired":true,"valueName":"search_term_string"}}],"inLanguage":"en-US"}]}},"_links":{"self":[{"href":"https:\/\/artesanawinery.com\/uy\/wp-json\/wp\/v2\/pages\/130","targetHints":{"allow":["GET"]}}],"collection":[{"href":"https:\/\/artesanawinery.com\/uy\/wp-json\/wp\/v2\/pages"}],"about":[{"href":"https:\/\/artesanawinery.com\/uy\/wp-json\/wp\/v2\/types\/page"}],"author":[{"embeddable":true,"href":"https:\/\/artesanawinery.com\/uy\/wp-json\/wp\/v2\/users\/2"}],"replies":[{"embeddable":true,"href":"https:\/\/artesanawinery.com\/uy\/wp-json\/wp\/v2\/comments?post=130"}],"version-history":[{"count":194,"href":"https:\/\/artesanawinery.com\/uy\/wp-json\/wp\/v2\/pages\/130\/revisions"}],"predecessor-version":[{"id":4835,"href":"https:\/\/artesanawinery.com\/uy\/wp-json\/wp\/v2\/pages\/130\/revisions\/4835"}],"wp:attachment":[{"href":"https:\/\/artesanawinery.com\/uy\/wp-json\/wp\/v2\/media?parent=130"}],"curies":[{"name":"wp","href":"https:\/\/api.w.org\/{rel}","templated":true}]}}